{"id":1152,"date":"2019-02-07T13:37:05","date_gmt":"2019-02-07T15:37:05","guid":{"rendered":"http:\/\/personalbiker.com.br\/lojapb\/?post_type=product&#038;p=1152"},"modified":"2022-08-17T16:35:05","modified_gmt":"2022-08-17T19:35:05","slug":"capacete-pro-tork-liberty-three-for-girls","status":"publish","type":"product","link":"https:\/\/personalbiker.com.br\/lojapb\/produto\/capacete-pro-tork-liberty-three-for-girls\/","title":{"rendered":"Capacete Pro Tork Liberty Three For Girls"},"content":{"rendered":"<p><em>k<\/em><\/p>\n","protected":false},"excerpt":{"rendered":"<p>Casco confeccionado em ABS natural de alto impacto;<br \/>\nRevestimento de prote\u00e7\u00e3o confeccionado em EPS (tamb\u00e9m chamado ber\u00e7o) de alto impacto;<br \/>\nConforto (forro) confeccionado em nylon pluma duplado anti-al\u00e9rgico;espuma com espessura de 5 mm, densidade de 28 mm;<br \/>\nCinta jugular confeccionado em nylon e feixe de engate r\u00e1pido;<br \/>\nPala fixada com parafuso philips em a\u00e7o;<br \/>\nViseira em policarbonato com espessura de 1 mm de alto impacto, tratamento anti-risco; possui 3 (tr\u00eas) est\u00e1gios de abertura,facilitando a regulagem de posi\u00e7\u00e3o da viseira;<br \/>\nAdesivo em vinil pl\u00e1stico (resistente as a\u00e7\u00f5es do clima) com logo marca Tork e LibertyTree;<br \/>\nCapacete aprovado pelo INMETRO, com selo autenticando.<\/p>\n<p>Para saber o tamanho adequado, medir circunfer\u00eancia da<br \/>\ncabe\u00e7a na altura da testa.<\/p>\n<p>imagens meramente ilustrativas<\/p>\n<p>OBS: Em caso de troca por tamanho o frete \u00e9 por conta do cliente.<\/p>\n<p>&nbsp;<\/p>\n","protected":false},"featured_media":6201,"template":"","meta":[],"product_brand":[],"product_cat":[25,52],"product_tag":[],"class_list":{"0":"post-1152","1":"product","2":"type-product","3":"status-publish","4":"has-post-thumbnail","6":"product_cat-capacetes","7":"product_cat-pro-tork","8":"pa_cor-branco","9":"pa_tamanho-74","11":"first","12":"instock","13":"shipping-taxable","14":"purchasable","15":"product-type-simple"},"_links":{"self":[{"href":"https:\/\/personalbiker.com.br\/lojapb\/wp-json\/wp\/v2\/product\/1152","targetHints":{"allow":["GET"]}}],"collection":[{"href":"https:\/\/personalbiker.com.br\/lojapb\/wp-json\/wp\/v2\/product"}],"about":[{"href":"https:\/\/personalbiker.com.br\/lojapb\/wp-json\/wp\/v2\/types\/product"}],"wp:featuredmedia":[{"embeddable":true,"href":"https:\/\/personalbiker.com.br\/lojapb\/wp-json\/wp\/v2\/media\/6201"}],"wp:attachment":[{"href":"https:\/\/personalbiker.com.br\/lojapb\/wp-json\/wp\/v2\/media?parent=1152"}],"wp:term":[{"taxonomy":"product_brand","embeddable":true,"href":"https:\/\/personalbiker.com.br\/lojapb\/wp-json\/wp\/v2\/product_brand?post=1152"},{"taxonomy":"product_cat","embeddable":true,"href":"https:\/\/personalbiker.com.br\/lojapb\/wp-json\/wp\/v2\/product_cat?post=1152"},{"taxonomy":"product_tag","embeddable":true,"href":"https:\/\/personalbiker.com.br\/lojapb\/wp-json\/wp\/v2\/product_tag?post=1152"}],"curies":[{"name":"wp","href":"https:\/\/api.w.org\/{rel}","templated":true}]}}