{"id":10146,"date":"2021-09-29T15:16:07","date_gmt":"2021-09-29T18:16:07","guid":{"rendered":"https:\/\/personalbiker.com.br\/lojapb\/?post_type=product&#038;p=10146"},"modified":"2025-01-08T14:48:53","modified_gmt":"2025-01-08T17:48:53","slug":"bicicleta-aro-29-fast-3-0-dalannio","status":"publish","type":"product","link":"https:\/\/personalbiker.com.br\/lojapb\/produto\/bicicleta-aro-29-fast-3-0-dalannio\/","title":{"rendered":"Bicicleta Aro 29 Fast 3.0 Dalannio"},"content":{"rendered":"<p>Bicicleta aro 29 marca Dalannio modelo fast 21 marchas<\/p>\n<p>Quadro 17 Alum. 6061 preto com laranja e azul claro<\/p>\n<p>C\u00e2mbio traseiro shimano torney 7v<\/p>\n<p>C\u00e2mbio diant. veloforce 3v<\/p>\n<p>Freios a Disco Mec\u00e2nicos Absolute 160mm<\/p>\n<p>garfo suspens\u00e3o 100mm Yhamada canela em a\u00e7o preto<\/p>\n<p>bicicleta destinada a passeios e lazer, requer montagem e regulagem vem pre montada e engraxado somente ajustes b\u00e1sicos para finalizar e curtir seus passeios.<\/p>\n<p>&nbsp;<\/p>\n<p>Entrega via transportadora por conta do cliente.<\/p>\n","protected":false},"excerpt":{"rendered":"<p>Bicicleta aro 29 marca Dalannio modelo fast 21 marchas Quadro 17 Alum. 6061 preto com laranja e azul claro C\u00e2mbio traseiro shimano torney 7v C\u00e2mbio diant. veloforce 3v Freios a Disco Mec\u00e2nicos Absolute 160mm garfo suspens\u00e3o 100mm Yhamada canela em a\u00e7o preto bicicleta destinada a passeios e lazer, requer montagem e regulagem vem pre montada [&#8230;]\n","protected":false},"featured_media":10147,"template":"","meta":[],"product_brand":[],"product_cat":[350,355],"product_tag":[],"class_list":{"0":"post-10146","1":"product","2":"type-product","3":"status-publish","4":"has-post-thumbnail","6":"product_cat-bikes-dalannio-bicicleta-infantil","7":"product_cat-bikes-dalannio-2","9":"first","10":"instock","11":"shipping-taxable","12":"purchasable","13":"product-type-simple"},"_links":{"self":[{"href":"https:\/\/personalbiker.com.br\/lojapb\/wp-json\/wp\/v2\/product\/10146","targetHints":{"allow":["GET"]}}],"collection":[{"href":"https:\/\/personalbiker.com.br\/lojapb\/wp-json\/wp\/v2\/product"}],"about":[{"href":"https:\/\/personalbiker.com.br\/lojapb\/wp-json\/wp\/v2\/types\/product"}],"wp:featuredmedia":[{"embeddable":true,"href":"https:\/\/personalbiker.com.br\/lojapb\/wp-json\/wp\/v2\/media\/10147"}],"wp:attachment":[{"href":"https:\/\/personalbiker.com.br\/lojapb\/wp-json\/wp\/v2\/media?parent=10146"}],"wp:term":[{"taxonomy":"product_brand","embeddable":true,"href":"https:\/\/personalbiker.com.br\/lojapb\/wp-json\/wp\/v2\/product_brand?post=10146"},{"taxonomy":"product_cat","embeddable":true,"href":"https:\/\/personalbiker.com.br\/lojapb\/wp-json\/wp\/v2\/product_cat?post=10146"},{"taxonomy":"product_tag","embeddable":true,"href":"https:\/\/personalbiker.com.br\/lojapb\/wp-json\/wp\/v2\/product_tag?post=10146"}],"curies":[{"name":"wp","href":"https:\/\/api.w.org\/{rel}","templated":true}]}}