{"id":1004,"date":"2019-02-05T09:54:13","date_gmt":"2019-02-05T11:54:13","guid":{"rendered":"http:\/\/personalbiker.com.br\/lojapb\/?post_type=product&#038;p=1004"},"modified":"2021-05-05T15:23:25","modified_gmt":"2021-05-05T18:23:25","slug":"capacete-shiro-mono-sh-881","status":"publish","type":"product","link":"https:\/\/personalbiker.com.br\/lojapb\/produto\/capacete-shiro-mono-sh-881\/","title":{"rendered":"Capacete  SHIRO MONO Sh-881"},"content":{"rendered":"","protected":false},"excerpt":{"rendered":"<p><strong>CASCO<\/strong><\/p>\n<p>\u2022 Moderno, leve, resistente e com excelente vis\u00e3o perif\u00e9rica.<br \/>\n\u2022 Confeccionado em resina termopl\u00e1stica ABS &#8211; HP (<strong>High Pressure ABS Technology<\/strong>).<br \/>\n\u2022 Base do casco desenhada para uma melhor prote\u00e7\u00e3o cervical.<br \/>\n\u2022 Design aerodin\u00e2mico.<br \/>\n\u2022 Excelente fluxo de ar (entrada e sa\u00edda).<br \/>\n\u2022 Pintura externa com prote\u00e7\u00e3o UV.<\/p>\n<p><strong>CASCO INTERNO (EPS)\u00a0<\/strong><\/p>\n<p>\u2022 C\u00e2maras t\u00e9cnicas e canais que proporcionam a absor\u00e7\u00e3o do impacto e um fluxo de ar cont\u00ednuo.<\/p>\n<p>Para saber o tamanho adequado, medir circunfer\u00eancia da<br \/>\ncabe\u00e7a na altura da testa.<\/p>\n<p>imagens meramente ilustrativas<\/p>\n","protected":false},"featured_media":1007,"template":"","meta":[],"product_brand":[],"product_cat":[95],"product_tag":[],"class_list":{"0":"post-1004","1":"product","2":"type-product","3":"status-publish","4":"has-post-thumbnail","6":"product_cat-shiro","7":"pa_cor-preto-fosco","8":"pa_tamanho-74","10":"first","11":"outofstock","12":"sale","13":"shipping-taxable","14":"purchasable","15":"product-type-variable"},"_links":{"self":[{"href":"https:\/\/personalbiker.com.br\/lojapb\/wp-json\/wp\/v2\/product\/1004","targetHints":{"allow":["GET"]}}],"collection":[{"href":"https:\/\/personalbiker.com.br\/lojapb\/wp-json\/wp\/v2\/product"}],"about":[{"href":"https:\/\/personalbiker.com.br\/lojapb\/wp-json\/wp\/v2\/types\/product"}],"wp:featuredmedia":[{"embeddable":true,"href":"https:\/\/personalbiker.com.br\/lojapb\/wp-json\/wp\/v2\/media\/1007"}],"wp:attachment":[{"href":"https:\/\/personalbiker.com.br\/lojapb\/wp-json\/wp\/v2\/media?parent=1004"}],"wp:term":[{"taxonomy":"product_brand","embeddable":true,"href":"https:\/\/personalbiker.com.br\/lojapb\/wp-json\/wp\/v2\/product_brand?post=1004"},{"taxonomy":"product_cat","embeddable":true,"href":"https:\/\/personalbiker.com.br\/lojapb\/wp-json\/wp\/v2\/product_cat?post=1004"},{"taxonomy":"product_tag","embeddable":true,"href":"https:\/\/personalbiker.com.br\/lojapb\/wp-json\/wp\/v2\/product_tag?post=1004"}],"curies":[{"name":"wp","href":"https:\/\/api.w.org\/{rel}","templated":true}]}}