{"id":555,"date":"2017-08-04T12:55:23","date_gmt":"2017-08-04T12:55:23","guid":{"rendered":"http:\/\/personalbiker.com.br\/lojapb\/?product=quadriciclo-cforce-450l"},"modified":"2019-07-12T08:29:32","modified_gmt":"2019-07-12T11:29:32","slug":"quadriciclo-cforce-450l","status":"publish","type":"product","link":"http:\/\/personalbiker.com.br\/lojapb\/produto\/quadriciclo-cforce-450l\/","title":{"rendered":"Quadriciclo C force 450L (somente encomenda)"},"content":{"rendered":"<table class=\"table table-striped\" style=\"border-collapse: collapse;border-spacing: 0px;width: 940px;max-width: 100%;margin-bottom: 20px;font-size: 14px;font-style: normal;font-weight: normal;letter-spacing: normal;text-align: left;text-indent: 0px\">\n<tbody>\n<tr>\n<td style=\"padding: 8px;line-height: 1.42857;vertical-align: top;border-top: none\">TIPO DO MOTOR:<\/td>\n<td style=\"padding: 8px;line-height: 1.42857;vertical-align: top;border-top: none\">Monocil\u00edndrico, 4 v\u00e1lvulas, SOHC, EFI-Sistema de inje\u00e7\u00e3o BOSCH, refrigerado a \u00e1gua<\/td>\n<\/tr>\n<tr>\n<td style=\"padding: 8px;line-height: 1.42857;vertical-align: top;border-top: none\">CILINDRADA:<\/td>\n<td style=\"padding: 8px;line-height: 1.42857;vertical-align: top;border-top: none\">410<\/td>\n<\/tr>\n<tr>\n<td style=\"padding: 8px;line-height: 1.42857;vertical-align: top;border-top: none\">POT\u00caNCIA:<\/td>\n<td style=\"padding: 8px;line-height: 1.42857;vertical-align: top;border-top: none\">31CV\/7200rpm<\/td>\n<\/tr>\n<tr>\n<td style=\"padding: 8px;line-height: 1.42857;vertical-align: top;border-top: none\">DI\u00c2METRO X CURSO:<\/td>\n<td style=\"padding: 8px;line-height: 1.42857;vertical-align: top;border-top: none\">91&#215;61,5mm<\/td>\n<\/tr>\n<tr>\n<td style=\"padding: 8px;line-height: 1.42857;vertical-align: top;border-top: none\">TAXA DE COMPRESS\u00c3O:<\/td>\n<td style=\"padding: 8px;line-height: 1.42857;vertical-align: top;border-top: none\">10.3\uff1a1<\/td>\n<\/tr>\n<tr>\n<td style=\"padding: 8px;line-height: 1.42857;vertical-align: top;border-top: none\">TORQUE M\u00c1XIMO:<\/td>\n<td style=\"padding: 8px;line-height: 1.42857;vertical-align: top;border-top: none\">33N-m\/6000rpm<\/td>\n<\/tr>\n<tr>\n<td style=\"padding: 8px;line-height: 1.42857;vertical-align: top;border-top: none\">VELOCIDADE M\u00c1XIMA:<\/td>\n<td style=\"padding: 8px;line-height: 1.42857;vertical-align: top;border-top: none\">95<\/td>\n<\/tr>\n<tr>\n<td style=\"padding: 8px;line-height: 1.42857;vertical-align: top;border-top: none\">SISTEMA DE ABASTECIMENTO:<\/td>\n<td style=\"padding: 8px;line-height: 1.42857;vertical-align: top;border-top: none\">Bosch\u00ae EFI (Inje\u00e7\u00e3o Eletr\u00f4nica de Combust\u00edvel)<\/td>\n<\/tr>\n<tr>\n<td style=\"padding: 8px;line-height: 1.42857;vertical-align: top;border-top: none\">IGNI\u00c7\u00c3O:<\/td>\n<td style=\"padding: 8px;line-height: 1.42857;vertical-align: top;border-top: none\">ECU<\/td>\n<\/tr>\n<tr>\n<td style=\"padding: 8px;line-height: 1.42857;vertical-align: top;border-top: none\">PARTIDA:<\/td>\n<td style=\"padding: 8px;line-height: 1.42857;vertical-align: top;border-top: none\">El\u00e9trica<\/td>\n<\/tr>\n<tr>\n<td style=\"padding: 8px;line-height: 1.42857;vertical-align: top;border-top: none\">TRANSMISS\u00c3O:<\/td>\n<td style=\"padding: 8px;line-height: 1.42857;vertical-align: top;border-top: none\">CVTech Canadense<\/td>\n<\/tr>\n<tr>\n<td style=\"padding: 8px;line-height: 1.42857;vertical-align: top;border-top: none\">TRA\u00c7\u00c3O:<\/td>\n<td style=\"padding: 8px;line-height: 1.42857;vertical-align: top;border-top: none\">4&#215;2 \/ 4&#215;4 Com Acionamento eletr\u00f4nico e reduzida<\/td>\n<\/tr>\n<tr>\n<td style=\"padding: 8px;line-height: 1.42857;vertical-align: top;border-top: none\">RENDIMENTO KM\/L:<\/td>\n<td style=\"padding: 8px;line-height: 1.42857;vertical-align: top;border-top: none\">21<\/td>\n<\/tr>\n<\/tbody>\n<\/table>\n","protected":false},"excerpt":{"rendered":"<p>IMAGENS MERAMENTE ILUSTRATIVAS<\/p>\n<p>PRODUTO ENTREGUE SOB ENCOMENDA POR TRANSPORTADORA<\/p>\n<p>, FRETE POR CONTA DO COMPRADOR<\/p>\n<p>&nbsp;<\/p>\n<p>DIMENS\u00d5ES, PESO E CAPACIDADE<br \/>\nDIMENS\u00c3O CxLxA (mm):2300x1100x1350<br \/>\nPESO L\u00cdQUIDO (kg):360<br \/>\nALTURA M\u00cdNIMA DO SOLO:250<br \/>\nALTURA DO ASSENTO (mm):540<br \/>\nTANQUE DE COMBUST\u00cdVEL: 15L<br \/>\nCAPACIDADE DE CARGA: 150kg<br \/>\nBATERIA: 12V 30ah<\/p>\n","protected":false},"featured_media":2177,"template":"","meta":[],"product_brand":[],"product_cat":[30],"product_tag":[],"class_list":{"0":"post-555","1":"product","2":"type-product","3":"status-publish","4":"has-post-thumbnail","6":"product_cat-quadriciclos","8":"first","9":"outofstock","10":"purchasable","11":"product-type-simple"},"_links":{"self":[{"href":"http:\/\/personalbiker.com.br\/lojapb\/wp-json\/wp\/v2\/product\/555","targetHints":{"allow":["GET"]}}],"collection":[{"href":"http:\/\/personalbiker.com.br\/lojapb\/wp-json\/wp\/v2\/product"}],"about":[{"href":"http:\/\/personalbiker.com.br\/lojapb\/wp-json\/wp\/v2\/types\/product"}],"wp:featuredmedia":[{"embeddable":true,"href":"http:\/\/personalbiker.com.br\/lojapb\/wp-json\/wp\/v2\/media\/2177"}],"wp:attachment":[{"href":"http:\/\/personalbiker.com.br\/lojapb\/wp-json\/wp\/v2\/media?parent=555"}],"wp:term":[{"taxonomy":"product_brand","embeddable":true,"href":"http:\/\/personalbiker.com.br\/lojapb\/wp-json\/wp\/v2\/product_brand?post=555"},{"taxonomy":"product_cat","embeddable":true,"href":"http:\/\/personalbiker.com.br\/lojapb\/wp-json\/wp\/v2\/product_cat?post=555"},{"taxonomy":"product_tag","embeddable":true,"href":"http:\/\/personalbiker.com.br\/lojapb\/wp-json\/wp\/v2\/product_tag?post=555"}],"curies":[{"name":"wp","href":"https:\/\/api.w.org\/{rel}","templated":true}]}}