{"id":5258,"date":"2019-04-22T15:16:10","date_gmt":"2019-04-22T18:16:10","guid":{"rendered":"http:\/\/personalbiker.com.br\/lojapb\/?post_type=product&#038;p=5258"},"modified":"2022-08-19T15:43:35","modified_gmt":"2022-08-19T18:43:35","slug":"filtro-de-oleo-cb-400-eksim","status":"publish","type":"product","link":"http:\/\/personalbiker.com.br\/lojapb\/produto\/filtro-de-oleo-cb-400-eksim\/","title":{"rendered":"Filtro de \u00d3leo CB 400 EKSIM"},"content":{"rendered":"","protected":false},"excerpt":{"rendered":"<p>Filtro De Oleo Eksim Cb 400\/450<\/p>\n<p>Filtro de \u00f3leo de alta qualidade de conten\u00e7\u00e3o<br \/>\nRet\u00ean as impuresas, gerando assim, maior performance e rendimento superior<br \/>\nImportante:<br \/>\nA vida do motor depende de uma boa qualidade dos filtros.<\/p>\n<p>IMAGENS MERAMENTE ILUSTRATIVAS<\/p>\n","protected":false},"featured_media":5262,"template":"","meta":[],"product_brand":[],"product_cat":[37],"product_tag":[],"class_list":{"0":"post-5258","1":"product","2":"type-product","3":"status-publish","4":"has-post-thumbnail","6":"product_cat-filtros-de-oleo","8":"first","9":"instock","10":"shipping-taxable","11":"purchasable","12":"product-type-simple"},"_links":{"self":[{"href":"http:\/\/personalbiker.com.br\/lojapb\/wp-json\/wp\/v2\/product\/5258","targetHints":{"allow":["GET"]}}],"collection":[{"href":"http:\/\/personalbiker.com.br\/lojapb\/wp-json\/wp\/v2\/product"}],"about":[{"href":"http:\/\/personalbiker.com.br\/lojapb\/wp-json\/wp\/v2\/types\/product"}],"wp:featuredmedia":[{"embeddable":true,"href":"http:\/\/personalbiker.com.br\/lojapb\/wp-json\/wp\/v2\/media\/5262"}],"wp:attachment":[{"href":"http:\/\/personalbiker.com.br\/lojapb\/wp-json\/wp\/v2\/media?parent=5258"}],"wp:term":[{"taxonomy":"product_brand","embeddable":true,"href":"http:\/\/personalbiker.com.br\/lojapb\/wp-json\/wp\/v2\/product_brand?post=5258"},{"taxonomy":"product_cat","embeddable":true,"href":"http:\/\/personalbiker.com.br\/lojapb\/wp-json\/wp\/v2\/product_cat?post=5258"},{"taxonomy":"product_tag","embeddable":true,"href":"http:\/\/personalbiker.com.br\/lojapb\/wp-json\/wp\/v2\/product_tag?post=5258"}],"curies":[{"name":"wp","href":"https:\/\/api.w.org\/{rel}","templated":true}]}}