{"id":4645,"date":"2019-04-13T09:27:51","date_gmt":"2019-04-13T12:27:51","guid":{"rendered":"http:\/\/personalbiker.com.br\/lojapb\/?post_type=product&#038;p=4645"},"modified":"2022-08-23T14:36:05","modified_gmt":"2022-08-23T17:36:05","slug":"espelho-retrovisor-mini-web-honda","status":"publish","type":"product","link":"http:\/\/personalbiker.com.br\/lojapb\/produto\/espelho-retrovisor-mini-web-honda\/","title":{"rendered":"Espelho Retrovisor Mini Web HONDA AWA 572"},"content":{"rendered":"","protected":false},"excerpt":{"rendered":"<p>RETROVISOR MINI WEB HONDA (AWA572)<br \/>\nPINTURA ELETROST\u00c1TICA, INJE\u00c7\u00c3O INTERNA, FIXA\u00c7\u00c3O DO ESPELHO POR CONTRA\u00c7\u00c3O, AJUSTE COM PORCA.<br \/>\nPRODUTO COM EXCELENTE QUALIDADE &#8211; DESENVOLVIDO E FABRICADO COM TECNOLOGIA DE PONTA.<\/p>\n<p>DISPON\u00cdVEL (PAR): &#8211; Direito e Esquerdo<br \/>\nFICHA T\u00c9CNICA:<br \/>\n&#8211; Modelo &#8211; ESPORTE MINI<br \/>\n&#8211; Tamanho &#8211; MINI<br \/>\n&#8211; Rosca &#8211; HONDA<br \/>\n&#8211; Haste &#8211; PRETA<br \/>\n&#8211; Lente PLANA<br \/>\n&#8211; Cor &#8211; PRETO<br \/>\n&#8211; F\u00e1cil instala\u00e7\u00e3o \u2013 perfeito encaixe.<br \/>\n&#8211; Modelo id\u00eantico ao original (design, caracter\u00edsticas e peso)<br \/>\n&#8211; \u00d3timo acabamento<\/p>\n<p>&nbsp;<\/p>\n<p>IMAGENS MERAMENTE ILUSTRATIVAS<\/p>\n","protected":false},"featured_media":7768,"template":"","meta":[],"product_brand":[],"product_cat":[226],"product_tag":[],"class_list":{"0":"post-4645","1":"product","2":"type-product","3":"status-publish","4":"has-post-thumbnail","6":"product_cat-linha-modelo-original","8":"first","9":"outofstock","10":"shipping-taxable","11":"purchasable","12":"product-type-simple"},"_links":{"self":[{"href":"http:\/\/personalbiker.com.br\/lojapb\/wp-json\/wp\/v2\/product\/4645","targetHints":{"allow":["GET"]}}],"collection":[{"href":"http:\/\/personalbiker.com.br\/lojapb\/wp-json\/wp\/v2\/product"}],"about":[{"href":"http:\/\/personalbiker.com.br\/lojapb\/wp-json\/wp\/v2\/types\/product"}],"wp:featuredmedia":[{"embeddable":true,"href":"http:\/\/personalbiker.com.br\/lojapb\/wp-json\/wp\/v2\/media\/7768"}],"wp:attachment":[{"href":"http:\/\/personalbiker.com.br\/lojapb\/wp-json\/wp\/v2\/media?parent=4645"}],"wp:term":[{"taxonomy":"product_brand","embeddable":true,"href":"http:\/\/personalbiker.com.br\/lojapb\/wp-json\/wp\/v2\/product_brand?post=4645"},{"taxonomy":"product_cat","embeddable":true,"href":"http:\/\/personalbiker.com.br\/lojapb\/wp-json\/wp\/v2\/product_cat?post=4645"},{"taxonomy":"product_tag","embeddable":true,"href":"http:\/\/personalbiker.com.br\/lojapb\/wp-json\/wp\/v2\/product_tag?post=4645"}],"curies":[{"name":"wp","href":"https:\/\/api.w.org\/{rel}","templated":true}]}}