{"id":419,"date":"2016-07-12T11:24:47","date_gmt":"2016-07-12T11:24:47","guid":{"rendered":"http:\/\/personalbiker.com.br\/lojapb\/?product=mirage-new-classic"},"modified":"2022-08-17T16:41:58","modified_gmt":"2022-08-17T19:41:58","slug":"mirage-new-classic","status":"publish","type":"product","link":"http:\/\/personalbiker.com.br\/lojapb\/produto\/mirage-new-classic\/","title":{"rendered":"Capacete Peels Mirage New Classic"},"content":{"rendered":"<p>&nbsp;<\/p>\n<p>&nbsp;<\/p>\n","protected":false},"excerpt":{"rendered":"<p>O modelo Mirage da Peels \u00e9 um capacete ideal para quem deseja a versatilidade e inova\u00e7\u00e3o quando o assunto \u00e9 design. O modelo possui a queixeira remov\u00edvel podendo ser utilizado como capacete integral (fechado) ou Jet (aberto), o que o torna um modelo ideal tanto na cidade quanto em trajetos mais longos. O capacete conta tamb\u00e9m com a viseira inferna fum\u00ea (Sun visor) que garante prote\u00e7\u00e3o para dias de muito sol, ambas as viseiras possuem tratamentos antirrisco. O capacete conta tamb\u00e9m com casco injetado em ABS de alta absor\u00e7\u00e3o, pintura mais resistente, forra\u00e7\u00e3o remov\u00edvel e lav\u00e1vel em tecido antial\u00e9rgico, forra\u00e7\u00e3o ergon\u00f4mica e muito mais<\/p>\n<p>Capacete Certificado conforme Portaria 456 INMETRO e NBR 7471 &#8211; Conforme Portaria 333 INMETRO.<\/p>\n<p>Informa\u00e7\u00f5es T\u00e9cnicas:<\/p>\n<p>&#8211; Fecho Microm\u00e9trico.<\/p>\n<p>&#8211; Casco injetado ABS.<\/p>\n<p>&#8211; Verniz protetor\/pintura mais resistente.<\/p>\n<p>&#8211; Queixeira remov\u00edvel.<\/p>\n<p>&#8211; Revestimento interno remov\u00edvel e lav\u00e1vel em tecido antial\u00e9rgico.<\/p>\n<p>&#8211; Viseira antirrisco.<\/p>\n<p>&#8211; Viseira em policarbonato de 2 mm com dupla curvatura.<\/p>\n<p>&#8211; Viseira de troca r\u00e1pida.<\/p>\n<p>&#8211; Anel antifurto.<\/p>\n<p>&#8211; Ventila\u00e7\u00e3o traseira.<\/p>\n<p>&#8211; Ventila\u00e7\u00e3o superior.<\/p>\n<p>Para saber o tamanho adequado, medir circunfer\u00eancia da<\/p>\n<p>imagens meramente ilustrativas<br \/>\ncabe\u00e7a na altura da testa.<\/p>\n<p>imagens meramente ilustrativas<\/p>\n","protected":false},"featured_media":10007,"template":"","meta":[],"product_brand":[],"product_cat":[58],"product_tag":[],"class_list":{"0":"post-419","1":"product","2":"type-product","3":"status-publish","4":"has-post-thumbnail","6":"product_cat-peels","7":"pa_cor-preto","8":"pa_tamanho-73","10":"first","11":"outofstock","12":"purchasable","13":"product-type-variable"},"_links":{"self":[{"href":"http:\/\/personalbiker.com.br\/lojapb\/wp-json\/wp\/v2\/product\/419","targetHints":{"allow":["GET"]}}],"collection":[{"href":"http:\/\/personalbiker.com.br\/lojapb\/wp-json\/wp\/v2\/product"}],"about":[{"href":"http:\/\/personalbiker.com.br\/lojapb\/wp-json\/wp\/v2\/types\/product"}],"wp:featuredmedia":[{"embeddable":true,"href":"http:\/\/personalbiker.com.br\/lojapb\/wp-json\/wp\/v2\/media\/10007"}],"wp:attachment":[{"href":"http:\/\/personalbiker.com.br\/lojapb\/wp-json\/wp\/v2\/media?parent=419"}],"wp:term":[{"taxonomy":"product_brand","embeddable":true,"href":"http:\/\/personalbiker.com.br\/lojapb\/wp-json\/wp\/v2\/product_brand?post=419"},{"taxonomy":"product_cat","embeddable":true,"href":"http:\/\/personalbiker.com.br\/lojapb\/wp-json\/wp\/v2\/product_cat?post=419"},{"taxonomy":"product_tag","embeddable":true,"href":"http:\/\/personalbiker.com.br\/lojapb\/wp-json\/wp\/v2\/product_tag?post=419"}],"curies":[{"name":"wp","href":"https:\/\/api.w.org\/{rel}","templated":true}]}}